{"id":4076,"date":"2022-01-11T10:20:47","date_gmt":"2022-01-11T10:20:47","guid":{"rendered":"https:\/\/obelisk.themescamp.com\/?page_id=4076"},"modified":"2024-11-20T12:28:05","modified_gmt":"2024-11-20T12:28:05","slug":"urunlerimiz","status":"publish","type":"page","link":"https:\/\/luixsoft.com\/index.php\/urunlerimiz\/","title":{"rendered":"\u00dcr\u00fcnlerimiz"},"content":{"rendered":"\t\t<div data-elementor-type=\"wp-page\" data-elementor-id=\"4076\" class=\"elementor elementor-4076\" data-elementor-post-type=\"page\">\n\t\t\t\t\t\t\t<div class=\"elementor-element elementor-element-2c22262 e-flex e-con-boxed e-con e-parent\" data-id=\"2c22262\" data-element_type=\"container\" data-settings=\"{&quot;content_width&quot;:&quot;boxed&quot;}\" data-core-v316-plus=\"true\">\n\t\t\t\t\t<div class=\"e-con-inner\">\n\t\t<div class=\"elementor-element elementor-element-971044f e-con-full e-flex e-con e-child\" data-id=\"971044f\" data-element_type=\"container\" data-settings=\"{&quot;content_width&quot;:&quot;full&quot;}\">\n\t\t\t\t<div class=\"elementor-element elementor-element-92e9d66 elementor-widget elementor-widget-image\" data-id=\"92e9d66\" data-element_type=\"widget\" data-widget_type=\"image.default\">\n\t\t\t\t<div class=\"elementor-widget-container\">\n\t\t\t<style>\/*! elementor - v3.18.0 - 20-12-2023 *\/\n.elementor-widget-image{text-align:center}.elementor-widget-image a{display:inline-block}.elementor-widget-image a img[src$=\".svg\"]{width:48px}.elementor-widget-image img{vertical-align:middle;display:inline-block}<\/style>\t\t\t\t\t\t\t\t\t\t\t\t<img fetchpriority=\"high\" decoding=\"async\" width=\"768\" height=\"432\" src=\"https:\/\/luixsoft.com\/wp-content\/uploads\/2024\/01\/02-bitdefender-rebranding-by-brandient-corporate-logo-768x432.png\" class=\"attachment-medium_large size-medium_large wp-image-5322\" alt=\"\" \/>\t\t\t\t\t\t\t\t\t\t\t\t\t\t\t<\/div>\n\t\t\t\t<\/div>\n\t\t\t\t<\/div>\n\t\t<div class=\"elementor-element elementor-element-94dcdf2 e-con-full e-flex e-con e-child\" data-id=\"94dcdf2\" data-element_type=\"container\" data-settings=\"{&quot;content_width&quot;:&quot;full&quot;}\">\n\t\t\t\t<div class=\"elementor-element elementor-element-8b70874 elementor-widget elementor-widget-image\" data-id=\"8b70874\" data-element_type=\"widget\" data-widget_type=\"image.default\">\n\t\t\t\t<div class=\"elementor-widget-container\">\n\t\t\t\t\t\t\t\t\t\t\t\t\t\t\t<img decoding=\"async\" width=\"775\" height=\"444\" src=\"https:\/\/luixsoft.com\/wp-content\/uploads\/2024\/10\/Guclu-is-ortakliklarimizla-en-kaliteli-cozumleri-sunmaya-devam-ediyoruz.-ARK-Imza-ile-dijital-imza-cozumlerinde-guveni-saglarken-Nar-Bulut-ile-verilerinizi-guvenli-bir-sekilde-yedekliyoruz.-Bitd.png\" class=\"attachment-large size-large wp-image-5380\" alt=\"\" \/>\t\t\t\t\t\t\t\t\t\t\t\t\t\t\t<\/div>\n\t\t\t\t<\/div>\n\t\t\t\t<\/div>\n\t\t<div class=\"elementor-element elementor-element-c00ddfe e-con-full e-flex e-con e-child\" data-id=\"c00ddfe\" data-element_type=\"container\" data-settings=\"{&quot;content_width&quot;:&quot;full&quot;}\">\n\t\t\t\t<div class=\"elementor-element elementor-element-92f06bc elementor-widget elementor-widget-image\" data-id=\"92f06bc\" data-element_type=\"widget\" data-widget_type=\"image.default\">\n\t\t\t\t<div class=\"elementor-widget-container\">\n\t\t\t\t\t\t\t\t\t\t\t\t\t\t\t<img decoding=\"async\" width=\"775\" height=\"444\" src=\"https:\/\/luixsoft.com\/wp-content\/uploads\/2024\/10\/Meta-Badge-1.webp\" class=\"attachment-large size-large wp-image-5365\" alt=\"\" \/>\t\t\t\t\t\t\t\t\t\t\t\t\t\t\t<\/div>\n\t\t\t\t<\/div>\n\t\t\t\t<\/div>\n\t\t<div class=\"elementor-element elementor-element-2902620 e-con-full e-flex e-con e-child\" data-id=\"2902620\" data-element_type=\"container\" data-settings=\"{&quot;content_width&quot;:&quot;full&quot;}\">\n\t\t\t\t<div class=\"elementor-element elementor-element-5d4f4af elementor-widget elementor-widget-image\" data-id=\"5d4f4af\" data-element_type=\"widget\" data-widget_type=\"image.default\">\n\t\t\t\t<div class=\"elementor-widget-container\">\n\t\t\t\t\t\t\t\t\t\t\t\t\t\t\t<img loading=\"lazy\" decoding=\"async\" width=\"775\" height=\"444\" src=\"https:\/\/luixsoft.com\/wp-content\/uploads\/2024\/10\/Meta-Badge.png\" class=\"attachment-large size-large wp-image-5361\" alt=\"\" \/>\t\t\t\t\t\t\t\t\t\t\t\t\t\t\t<\/div>\n\t\t\t\t<\/div>\n\t\t\t\t<\/div>\n\t\t<div class=\"elementor-element elementor-element-04454f7 e-con-full e-flex e-con e-child\" data-id=\"04454f7\" data-element_type=\"container\" data-settings=\"{&quot;content_width&quot;:&quot;full&quot;}\">\n\t\t\t\t<div class=\"elementor-element elementor-element-12f3d89 elementor-widget elementor-widget-image\" data-id=\"12f3d89\" data-element_type=\"widget\" data-widget_type=\"image.default\">\n\t\t\t\t<div class=\"elementor-widget-container\">\n\t\t\t\t\t\t\t\t\t\t\t\t\t\t\t<img loading=\"lazy\" decoding=\"async\" width=\"775\" height=\"444\" src=\"https:\/\/luixsoft.com\/wp-content\/uploads\/2024\/11\/NILVERA.png\" class=\"attachment-large size-large wp-image-5418\" alt=\"\" \/>\t\t\t\t\t\t\t\t\t\t\t\t\t\t\t<\/div>\n\t\t\t\t<\/div>\n\t\t\t\t<\/div>\n\t\t\t\t\t<\/div>\n\t\t\t\t<\/div>\n\t\t\t\t\t\t\t<\/div>\n\t\t","protected":false},"excerpt":{"rendered":"","protected":false},"author":1,"featured_media":0,"parent":0,"menu_order":0,"comment_status":"closed","ping_status":"closed","template":"blank-builder.php","meta":{"footnotes":""},"class_list":["post-4076","page","type-page","status-publish","hentry"],"yoast_head":"<!-- This site is optimized with the Yoast SEO plugin v24.1 - https:\/\/yoast.com\/wordpress\/plugins\/seo\/ -->\n<title>\u00dcr\u00fcnlerimiz - LUIX<\/title>\n<meta name=\"robots\" content=\"index, follow, max-snippet:-1, max-image-preview:large, max-video-preview:-1\" \/>\n<link rel=\"canonical\" href=\"https:\/\/luixsoft.com\/index.php\/urunlerimiz\/\" \/>\n<meta property=\"og:locale\" content=\"tr_TR\" \/>\n<meta property=\"og:type\" content=\"article\" \/>\n<meta property=\"og:title\" content=\"\u00dcr\u00fcnlerimiz - LUIX\" \/>\n<meta property=\"og:url\" content=\"https:\/\/luixsoft.com\/index.php\/urunlerimiz\/\" \/>\n<meta property=\"og:site_name\" content=\"LUIX\" \/>\n<meta property=\"article:publisher\" content=\"https:\/\/www.facebook.com\/luixdijital\/\" \/>\n<meta property=\"article:modified_time\" content=\"2024-11-20T12:28:05+00:00\" \/>\n<meta property=\"og:image\" content=\"https:\/\/luixsoft.com\/wp-content\/uploads\/2024\/01\/02-bitdefender-rebranding-by-brandient-corporate-logo.png\" \/>\n\t<meta property=\"og:image:width\" content=\"2400\" \/>\n\t<meta property=\"og:image:height\" content=\"1350\" \/>\n\t<meta property=\"og:image:type\" content=\"image\/png\" \/>\n<meta name=\"twitter:card\" content=\"summary_large_image\" \/>\n<meta name=\"twitter:site\" content=\"@luixdijital\" \/>\n<script type=\"application\/ld+json\" class=\"yoast-schema-graph\">{\"@context\":\"https:\/\/schema.org\",\"@graph\":[{\"@type\":\"WebPage\",\"@id\":\"https:\/\/luixsoft.com\/index.php\/urunlerimiz\/\",\"url\":\"https:\/\/luixsoft.com\/index.php\/urunlerimiz\/\",\"name\":\"\u00dcr\u00fcnlerimiz - LUIX\",\"isPartOf\":{\"@id\":\"https:\/\/luixsoft.com\/#website\"},\"primaryImageOfPage\":{\"@id\":\"https:\/\/luixsoft.com\/index.php\/urunlerimiz\/#primaryimage\"},\"image\":{\"@id\":\"https:\/\/luixsoft.com\/index.php\/urunlerimiz\/#primaryimage\"},\"thumbnailUrl\":\"https:\/\/luixsoft.com\/wp-content\/uploads\/2024\/01\/02-bitdefender-rebranding-by-brandient-corporate-logo-768x432.png\",\"datePublished\":\"2022-01-11T10:20:47+00:00\",\"dateModified\":\"2024-11-20T12:28:05+00:00\",\"breadcrumb\":{\"@id\":\"https:\/\/luixsoft.com\/index.php\/urunlerimiz\/#breadcrumb\"},\"inLanguage\":\"tr\",\"potentialAction\":[{\"@type\":\"ReadAction\",\"target\":[\"https:\/\/luixsoft.com\/index.php\/urunlerimiz\/\"]}]},{\"@type\":\"ImageObject\",\"inLanguage\":\"tr\",\"@id\":\"https:\/\/luixsoft.com\/index.php\/urunlerimiz\/#primaryimage\",\"url\":\"https:\/\/luixsoft.com\/wp-content\/uploads\/2024\/01\/02-bitdefender-rebranding-by-brandient-corporate-logo.png\",\"contentUrl\":\"https:\/\/luixsoft.com\/wp-content\/uploads\/2024\/01\/02-bitdefender-rebranding-by-brandient-corporate-logo.png\",\"width\":2400,\"height\":1350},{\"@type\":\"BreadcrumbList\",\"@id\":\"https:\/\/luixsoft.com\/index.php\/urunlerimiz\/#breadcrumb\",\"itemListElement\":[{\"@type\":\"ListItem\",\"position\":1,\"name\":\"Anasayfa\",\"item\":\"https:\/\/luixsoft.com\/\"},{\"@type\":\"ListItem\",\"position\":2,\"name\":\"\u00dcr\u00fcnlerimiz\"}]},{\"@type\":\"WebSite\",\"@id\":\"https:\/\/luixsoft.com\/#website\",\"url\":\"https:\/\/luixsoft.com\/\",\"name\":\"LUIX\",\"description\":\"\u0130\u015fletmenize Yenilik\u00e7i \u00c7\u00f6z\u00fcmler Sunuyoruz\",\"publisher\":{\"@id\":\"https:\/\/luixsoft.com\/#organization\"},\"potentialAction\":[{\"@type\":\"SearchAction\",\"target\":{\"@type\":\"EntryPoint\",\"urlTemplate\":\"https:\/\/luixsoft.com\/?s={search_term_string}\"},\"query-input\":{\"@type\":\"PropertyValueSpecification\",\"valueRequired\":true,\"valueName\":\"search_term_string\"}}],\"inLanguage\":\"tr\"},{\"@type\":\"Organization\",\"@id\":\"https:\/\/luixsoft.com\/#organization\",\"name\":\"LUIX D\u0130J\u0130TAL\",\"url\":\"https:\/\/luixsoft.com\/\",\"logo\":{\"@type\":\"ImageObject\",\"inLanguage\":\"tr\",\"@id\":\"https:\/\/luixsoft.com\/#\/schema\/logo\/image\/\",\"url\":\"https:\/\/luixsoft.com\/wp-content\/uploads\/2024\/12\/LU2025IX-YENI-LOGO.png\",\"contentUrl\":\"https:\/\/luixsoft.com\/wp-content\/uploads\/2024\/12\/LU2025IX-YENI-LOGO.png\",\"width\":500,\"height\":500,\"caption\":\"LUIX D\u0130J\u0130TAL\"},\"image\":{\"@id\":\"https:\/\/luixsoft.com\/#\/schema\/logo\/image\/\"},\"sameAs\":[\"https:\/\/www.facebook.com\/luixdijital\/\",\"https:\/\/x.com\/luixdijital\",\"https:\/\/www.instagram.com\/luixdijital\/\",\"https:\/\/www.linkedin.com\/company\/luixsoft\"]}]}<\/script>\n<!-- \/ Yoast SEO plugin. -->","yoast_head_json":{"title":"\u00dcr\u00fcnlerimiz - LUIX","robots":{"index":"index","follow":"follow","max-snippet":"max-snippet:-1","max-image-preview":"max-image-preview:large","max-video-preview":"max-video-preview:-1"},"canonical":"https:\/\/luixsoft.com\/index.php\/urunlerimiz\/","og_locale":"tr_TR","og_type":"article","og_title":"\u00dcr\u00fcnlerimiz - LUIX","og_url":"https:\/\/luixsoft.com\/index.php\/urunlerimiz\/","og_site_name":"LUIX","article_publisher":"https:\/\/www.facebook.com\/luixdijital\/","article_modified_time":"2024-11-20T12:28:05+00:00","og_image":[{"width":2400,"height":1350,"url":"https:\/\/luixsoft.com\/wp-content\/uploads\/2024\/01\/02-bitdefender-rebranding-by-brandient-corporate-logo.png","type":"image\/png"}],"twitter_card":"summary_large_image","twitter_site":"@luixdijital","schema":{"@context":"https:\/\/schema.org","@graph":[{"@type":"WebPage","@id":"https:\/\/luixsoft.com\/index.php\/urunlerimiz\/","url":"https:\/\/luixsoft.com\/index.php\/urunlerimiz\/","name":"\u00dcr\u00fcnlerimiz - LUIX","isPartOf":{"@id":"https:\/\/luixsoft.com\/#website"},"primaryImageOfPage":{"@id":"https:\/\/luixsoft.com\/index.php\/urunlerimiz\/#primaryimage"},"image":{"@id":"https:\/\/luixsoft.com\/index.php\/urunlerimiz\/#primaryimage"},"thumbnailUrl":"https:\/\/luixsoft.com\/wp-content\/uploads\/2024\/01\/02-bitdefender-rebranding-by-brandient-corporate-logo-768x432.png","datePublished":"2022-01-11T10:20:47+00:00","dateModified":"2024-11-20T12:28:05+00:00","breadcrumb":{"@id":"https:\/\/luixsoft.com\/index.php\/urunlerimiz\/#breadcrumb"},"inLanguage":"tr","potentialAction":[{"@type":"ReadAction","target":["https:\/\/luixsoft.com\/index.php\/urunlerimiz\/"]}]},{"@type":"ImageObject","inLanguage":"tr","@id":"https:\/\/luixsoft.com\/index.php\/urunlerimiz\/#primaryimage","url":"https:\/\/luixsoft.com\/wp-content\/uploads\/2024\/01\/02-bitdefender-rebranding-by-brandient-corporate-logo.png","contentUrl":"https:\/\/luixsoft.com\/wp-content\/uploads\/2024\/01\/02-bitdefender-rebranding-by-brandient-corporate-logo.png","width":2400,"height":1350},{"@type":"BreadcrumbList","@id":"https:\/\/luixsoft.com\/index.php\/urunlerimiz\/#breadcrumb","itemListElement":[{"@type":"ListItem","position":1,"name":"Anasayfa","item":"https:\/\/luixsoft.com\/"},{"@type":"ListItem","position":2,"name":"\u00dcr\u00fcnlerimiz"}]},{"@type":"WebSite","@id":"https:\/\/luixsoft.com\/#website","url":"https:\/\/luixsoft.com\/","name":"LUIX","description":"\u0130\u015fletmenize Yenilik\u00e7i \u00c7\u00f6z\u00fcmler Sunuyoruz","publisher":{"@id":"https:\/\/luixsoft.com\/#organization"},"potentialAction":[{"@type":"SearchAction","target":{"@type":"EntryPoint","urlTemplate":"https:\/\/luixsoft.com\/?s={search_term_string}"},"query-input":{"@type":"PropertyValueSpecification","valueRequired":true,"valueName":"search_term_string"}}],"inLanguage":"tr"},{"@type":"Organization","@id":"https:\/\/luixsoft.com\/#organization","name":"LUIX D\u0130J\u0130TAL","url":"https:\/\/luixsoft.com\/","logo":{"@type":"ImageObject","inLanguage":"tr","@id":"https:\/\/luixsoft.com\/#\/schema\/logo\/image\/","url":"https:\/\/luixsoft.com\/wp-content\/uploads\/2024\/12\/LU2025IX-YENI-LOGO.png","contentUrl":"https:\/\/luixsoft.com\/wp-content\/uploads\/2024\/12\/LU2025IX-YENI-LOGO.png","width":500,"height":500,"caption":"LUIX D\u0130J\u0130TAL"},"image":{"@id":"https:\/\/luixsoft.com\/#\/schema\/logo\/image\/"},"sameAs":["https:\/\/www.facebook.com\/luixdijital\/","https:\/\/x.com\/luixdijital","https:\/\/www.instagram.com\/luixdijital\/","https:\/\/www.linkedin.com\/company\/luixsoft"]}]}},"jetpack_sharing_enabled":true,"_links":{"self":[{"href":"https:\/\/luixsoft.com\/index.php\/wp-json\/wp\/v2\/pages\/4076","targetHints":{"allow":["GET"]}}],"collection":[{"href":"https:\/\/luixsoft.com\/index.php\/wp-json\/wp\/v2\/pages"}],"about":[{"href":"https:\/\/luixsoft.com\/index.php\/wp-json\/wp\/v2\/types\/page"}],"author":[{"embeddable":true,"href":"https:\/\/luixsoft.com\/index.php\/wp-json\/wp\/v2\/users\/1"}],"replies":[{"embeddable":true,"href":"https:\/\/luixsoft.com\/index.php\/wp-json\/wp\/v2\/comments?post=4076"}],"version-history":[{"count":36,"href":"https:\/\/luixsoft.com\/index.php\/wp-json\/wp\/v2\/pages\/4076\/revisions"}],"predecessor-version":[{"id":5421,"href":"https:\/\/luixsoft.com\/index.php\/wp-json\/wp\/v2\/pages\/4076\/revisions\/5421"}],"wp:attachment":[{"href":"https:\/\/luixsoft.com\/index.php\/wp-json\/wp\/v2\/media?parent=4076"}],"curies":[{"name":"wp","href":"https:\/\/api.w.org\/{rel}","templated":true}]}}